{"id":780,"date":"2025-05-11T07:32:52","date_gmt":"2025-05-11T07:32:52","guid":{"rendered":"https:\/\/rehaupvc.com.tr\/?page_id=780"},"modified":"2025-05-11T07:32:52","modified_gmt":"2025-05-11T07:32:52","slug":"iletisim","status":"publish","type":"page","link":"https:\/\/rehaupvc.com.tr\/?page_id=780","title":{"rendered":"ileti\u015fim"},"content":{"rendered":"<p>\ud83d\udcde (0216) 417 50 90<br data-start=\"230\" data-end=\"233\" \/>\ud83d\udcf1 +90 532 540 55 58<br data-start=\"253\" data-end=\"256\" \/>\ud83d\udd70\ufe0f <strong data-start=\"260\" data-end=\"302\">Sizlere beraber hizmette 26. y\u0131l\u0131m\u0131z..<\/strong><\/p>\n","protected":false},"excerpt":{"rendered":"<p>\ud83d\udcde (0216) 417 50 90\ud83d\udcf1 +90 532 540 55 58\ud83d\udd70\ufe0f Sizlere beraber hizmette 26. y\u0131l\u0131m\u0131z..<\/p>\n","protected":false},"author":1,"featured_media":0,"parent":0,"menu_order":0,"comment_status":"closed","ping_status":"closed","template":"","meta":{"footnotes":""},"class_list":["post-780","page","type-page","status-publish","hentry"],"_links":{"self":[{"href":"https:\/\/rehaupvc.com.tr\/index.php?rest_route=\/wp\/v2\/pages\/780","targetHints":{"allow":["GET"]}}],"collection":[{"href":"https:\/\/rehaupvc.com.tr\/index.php?rest_route=\/wp\/v2\/pages"}],"about":[{"href":"https:\/\/rehaupvc.com.tr\/index.php?rest_route=\/wp\/v2\/types\/page"}],"author":[{"embeddable":true,"href":"https:\/\/rehaupvc.com.tr\/index.php?rest_route=\/wp\/v2\/users\/1"}],"replies":[{"embeddable":true,"href":"https:\/\/rehaupvc.com.tr\/index.php?rest_route=%2Fwp%2Fv2%2Fcomments&post=780"}],"version-history":[{"count":1,"href":"https:\/\/rehaupvc.com.tr\/index.php?rest_route=\/wp\/v2\/pages\/780\/revisions"}],"predecessor-version":[{"id":781,"href":"https:\/\/rehaupvc.com.tr\/index.php?rest_route=\/wp\/v2\/pages\/780\/revisions\/781"}],"wp:attachment":[{"href":"https:\/\/rehaupvc.com.tr\/index.php?rest_route=%2Fwp%2Fv2%2Fmedia&parent=780"}],"curies":[{"name":"wp","href":"https:\/\/api.w.org\/{rel}","templated":true}]}}