{"id":892,"date":"2025-06-04T06:52:25","date_gmt":"2025-06-04T06:52:25","guid":{"rendered":"https:\/\/rehaupvc.com.tr\/?page_id=892"},"modified":"2025-06-04T06:52:25","modified_gmt":"2025-06-04T06:52:25","slug":"rehau-pimapen-fiyatlari-0532-540-5558","status":"publish","type":"page","link":"https:\/\/rehaupvc.com.tr\/?page_id=892","title":{"rendered":"Rehau Pimapen Fiyatlar\u0131 &#038; 0532 540 5558"},"content":{"rendered":"<h1>Rehau Pimapen Fiyatlar\u0131 i\u00e7in Bize Ula\u015f\u0131n<\/h1>\n<p>Rehau pimapen fiyatlar\u0131, projenizin detaylar\u0131na ve ihtiya\u00e7lar\u0131n\u0131za g\u00f6re de\u011fi\u015fkenlik g\u00f6stermektedir. En uygun ve kaliteli \u00e7\u00f6z\u00fcmler i\u00e7in hemen bizimle ileti\u015fime ge\u00e7in ve size \u00f6zel fiyat teklifimizi al\u0131n.<\/p>\n<div class=\"contact\">\n<p><strong>\u0130leti\u015fim Bilgileri:<\/strong><\/p>\n<p>\ud83d\udcf1 +90 532 540 55 58<br \/>\n\u260e\ufe0f 0216 417 50 90<\/p>\n<\/div>\n<p>&nbsp;<\/p>\n","protected":false},"excerpt":{"rendered":"<p>Rehau Pimapen Fiyatlar\u0131 i\u00e7in Bize Ula\u015f\u0131n Rehau pimapen fiyatlar\u0131, projenizin detaylar\u0131na ve ihtiya\u00e7lar\u0131n\u0131za g\u00f6re de\u011fi\u015fkenlik g\u00f6stermektedir. En uygun ve kaliteli \u00e7\u00f6z\u00fcmler i\u00e7in hemen bizimle ileti\u015fime ge\u00e7in ve size \u00f6zel fiyat teklifimizi al\u0131n. \u0130leti\u015fim Bilgileri: \ud83d\udcf1 +90 532 540 55 58 \u260e\ufe0f 0216 417 50 90 &nbsp;<\/p>\n","protected":false},"author":2,"featured_media":890,"parent":0,"menu_order":0,"comment_status":"closed","ping_status":"closed","template":"","meta":{"footnotes":""},"class_list":["post-892","page","type-page","status-publish","has-post-thumbnail","hentry"],"_links":{"self":[{"href":"https:\/\/rehaupvc.com.tr\/index.php?rest_route=\/wp\/v2\/pages\/892","targetHints":{"allow":["GET"]}}],"collection":[{"href":"https:\/\/rehaupvc.com.tr\/index.php?rest_route=\/wp\/v2\/pages"}],"about":[{"href":"https:\/\/rehaupvc.com.tr\/index.php?rest_route=\/wp\/v2\/types\/page"}],"author":[{"embeddable":true,"href":"https:\/\/rehaupvc.com.tr\/index.php?rest_route=\/wp\/v2\/users\/2"}],"replies":[{"embeddable":true,"href":"https:\/\/rehaupvc.com.tr\/index.php?rest_route=%2Fwp%2Fv2%2Fcomments&post=892"}],"version-history":[{"count":1,"href":"https:\/\/rehaupvc.com.tr\/index.php?rest_route=\/wp\/v2\/pages\/892\/revisions"}],"predecessor-version":[{"id":894,"href":"https:\/\/rehaupvc.com.tr\/index.php?rest_route=\/wp\/v2\/pages\/892\/revisions\/894"}],"wp:featuredmedia":[{"embeddable":true,"href":"https:\/\/rehaupvc.com.tr\/index.php?rest_route=\/wp\/v2\/media\/890"}],"wp:attachment":[{"href":"https:\/\/rehaupvc.com.tr\/index.php?rest_route=%2Fwp%2Fv2%2Fmedia&parent=892"}],"curies":[{"name":"wp","href":"https:\/\/api.w.org\/{rel}","templated":true}]}}